{"id":2,"date":"2021-11-30T03:48:21","date_gmt":"2021-11-30T03:48:21","guid":{"rendered":"http:\/\/physiogen.de\/?page_id=2"},"modified":"2025-05-22T09:27:45","modified_gmt":"2025-05-22T09:27:45","slug":"home-2","status":"publish","type":"page","link":"https:\/\/physiogen.de\/","title":{"rendered":"Guten Tag"},"content":{"rendered":"\t\t<div data-elementor-type=\"wp-page\" data-elementor-id=\"2\" class=\"elementor elementor-2\">\n\t\t\t\t<div class=\"elementor-element elementor-element-4cda4530 e-flex e-con-boxed e-con e-parent\" data-id=\"4cda4530\" data-element_type=\"container\">\n\t\t\t\t\t<div class=\"e-con-inner\">\n\t\t\t\t<div class=\"elementor-element elementor-element-7a5b04f1 elementor-widget elementor-widget-text-editor\" data-id=\"7a5b04f1\" data-element_type=\"widget\" data-widget_type=\"text-editor.default\">\n\t\t\t\t<div class=\"elementor-widget-container\">\n\t\t\t<style>\/*! elementor - v3.23.0 - 15-07-2024 *\/\n.elementor-widget-text-editor.elementor-drop-cap-view-stacked .elementor-drop-cap{background-color:#69727d;color:#fff}.elementor-widget-text-editor.elementor-drop-cap-view-framed .elementor-drop-cap{color:#69727d;border:3px solid;background-color:transparent}.elementor-widget-text-editor:not(.elementor-drop-cap-view-default) .elementor-drop-cap{margin-top:8px}.elementor-widget-text-editor:not(.elementor-drop-cap-view-default) .elementor-drop-cap-letter{width:1em;height:1em}.elementor-widget-text-editor .elementor-drop-cap{float:left;text-align:center;line-height:1;font-size:50px}.elementor-widget-text-editor .elementor-drop-cap-letter{display:inline-block}<\/style>\t\t\t\t<p>,mein Name ist Jasmin K\u00f6ppe und ich bin ihre Ansprechpartnerin in allen Physiotherapeutischen Belangen.Profitieren auch Sie von meiner langj\u00e4hrigen Erfahrung und Ausbildung zur Physiotherapeutin und zur Bachelorette of arts Medizinalfachberufe.In meiner Praxis f\u00fcr Selbstzahler und Privatpatienten steht der Patient als Kunde im Vordergrund.Deshalb nehme ich mir viel Zeit f\u00fcr meine Patienten, um eine ad\u00e4quate Behandlung f\u00fcr Ihr Problem zu finden.Alles ist so aufeinander abgestimmt, dass Sie einen angenehmen Aufenthalt haben und die Praxis auch entspannt verlassen.Daher werden Termine stets in einer 30 Minuten-Taktung vergeben.Egal was der Ausl\u00f6ser ihrer Beschwerden ist; ob durch Sport, einen Unfall oder eine Erkrankung.<\/p><p>Ich kann Ihnen helfen bei :<br \/>&#8211; der Wiederherstellung ihrer Beweglichkeit<br \/>&#8211; der St\u00e4rkung ihres Bewegungsapparates<br \/>&#8211; der Verbesserung der K\u00f6rperwahrnehmung<\/p><p>Auch wenn Sie ihrem K\u00f6rper einmal etwas Gutes tun wollen, um Beschwerden vorzubeugen.<\/p>\t\t\t\t\t\t<\/div>\n\t\t\t\t<\/div>\n\t\t\t\t\t<\/div>\n\t\t\t\t<\/div>\n\t\t\t\t<\/div>\n\t\t","protected":false},"excerpt":{"rendered":"<p>,mein Name ist Jasmin K\u00f6ppe und ich bin ihre Ansprechpartnerin in allen Physiotherapeutischen Belangen.Profitieren auch Sie von meiner langj\u00e4hrigen Erfahrung und Ausbildung zur Physiotherapeutin und zur Bachelorette of arts Medizinalfachberufe.In meiner Praxis f\u00fcr Selbstzahler und Privatpatienten steht der Patient als Kunde im Vordergrund.Deshalb nehme ich mir viel Zeit f\u00fcr meine Patienten, um eine ad\u00e4quate Behandlung [&hellip;]<\/p>\n","protected":false},"author":1,"featured_media":50,"parent":0,"menu_order":1,"comment_status":"closed","ping_status":"closed","template":"","meta":{"footnotes":""},"class_list":["post-2","page","type-page","status-publish","has-post-thumbnail","hentry","entry","has-media"],"_links":{"self":[{"href":"https:\/\/physiogen.de\/index.php?rest_route=\/wp\/v2\/pages\/2"}],"collection":[{"href":"https:\/\/physiogen.de\/index.php?rest_route=\/wp\/v2\/pages"}],"about":[{"href":"https:\/\/physiogen.de\/index.php?rest_route=\/wp\/v2\/types\/page"}],"author":[{"embeddable":true,"href":"https:\/\/physiogen.de\/index.php?rest_route=\/wp\/v2\/users\/1"}],"replies":[{"embeddable":true,"href":"https:\/\/physiogen.de\/index.php?rest_route=%2Fwp%2Fv2%2Fcomments&post=2"}],"version-history":[{"count":16,"href":"https:\/\/physiogen.de\/index.php?rest_route=\/wp\/v2\/pages\/2\/revisions"}],"predecessor-version":[{"id":571,"href":"https:\/\/physiogen.de\/index.php?rest_route=\/wp\/v2\/pages\/2\/revisions\/571"}],"wp:featuredmedia":[{"embeddable":true,"href":"https:\/\/physiogen.de\/index.php?rest_route=\/wp\/v2\/media\/50"}],"wp:attachment":[{"href":"https:\/\/physiogen.de\/index.php?rest_route=%2Fwp%2Fv2%2Fmedia&parent=2"}],"curies":[{"name":"wp","href":"https:\/\/api.w.org\/{rel}","templated":true}]}}